{"id":234,"date":"2016-12-11T18:01:03","date_gmt":"2016-12-11T17:01:03","guid":{"rendered":"http:\/\/www.brzakala.de\/beispiel\/?page_id=234"},"modified":"2018-06-25T19:50:48","modified_gmt":"2018-06-25T17:50:48","slug":"forschung-und-vortraege","status":"publish","type":"page","link":"https:\/\/www.rainerwernst.de\/index.php\/forschung-und-vortraege\/","title":{"rendered":"Forschung"},"content":{"rendered":"<p>[et_pb_section fb_built=&#8220;1&#8243; admin_label=&#8220;section&#8220; _builder_version=&#8220;3.0.47&#8243;][et_pb_row admin_label=&#8220;row&#8220; _builder_version=&#8220;3.0.48&#8243; background_size=&#8220;initial&#8220; background_position=&#8220;top_left&#8220; background_repeat=&#8220;repeat&#8220;][et_pb_column type=&#8220;4_4&#8243; _builder_version=&#8220;3.0.47&#8243; parallax=&#8220;off&#8220; parallax_method=&#8220;on&#8220;][et_pb_text admin_label=&#8220;Text&#8220; _builder_version=&#8220;3.0.87&#8243; background_size=&#8220;initial&#8220; background_position=&#8220;top_left&#8220; background_repeat=&#8220;repeat&#8220; use_border_color=&#8220;off&#8220; border_color=&#8220;#ffffff&#8220; border_style=&#8220;solid&#8220;]<\/p>\n<h2>Gesamtverzeichnis Forschungsarbeiten<\/h2>\n<p><strong>1973-1975<\/strong><br \/> mit Siegfried Stein f\u00fcr die Stadt Bochum Erarbeitung und Implementierung eines Modells zur Berechnung des Transportaufwandes bei Standortplanung von \u00f6ffentlichen Einrichtungen. Im Auftrag der Stadt Bochum; das Modell wurde bis Mitte der Neunziger Jahre in der Stadt bei Entscheidungen \u00fcber Standortentscheidungen angewandt.<\/p>\n<p><strong>1979<\/strong><br \/> mit O.Akbar und Dr.A.Bittencourt \u201aRichtwerte und Mindeststandards f\u00fcr die Stadtplanung in Entwicklungsl\u00e4ndern im Auftrag der GTZ.<\/p>\n<p><strong>1982-1984<\/strong><br \/> Leitung eines interdisziplin\u00e4ren und internationalen Teams mit ca. 100 Beteiligten zum Vergleich von innerst\u00e4dtischer Quartiersstrukturen an f\u00fcnf Beispielen. Im Auftrag der Internationalen Bauausstellung Berlin 1984\/7, finanziert durch das Land Berlin.<\/p>\n<p><strong>1990-1993 an der HdKB<\/strong><br \/> mit Dr. Borst, Dr. S. Kr\u00e4tke und G. Nest im Arbeitsbereich &#8222;Stadterneuerung in Afrika, Asien und Lateinamerika&#8220;<br \/> Durchf\u00fchrung des Projektes &#8222;Arbeitspl\u00e4tze und Lokale \u00d6konomie&#8220; (Abschluss Herbst 93), Ver\u00f6ffentlichung: &#8222;Arbeiten und Wohnen im st\u00e4dtischen Quartier, zum Verst\u00e4ndnis der Stadt im interkulturellen Vergleich&#8220;, mit Fallstudien aus \u00c4gypten, Brasilien, Gambia, Indien, Indonesien, Frankreich, Kenia, Mexiko, Ungarn, USA und Venezuela, finanziert durch den Forschungsschwerpunkt \u201aStadterneuerung\u2019 der Hochschule der K\u00fcnste Berlin.<\/p>\n<p><strong>1990-1993<\/strong><br \/> &#8222;Umdeutungen des Raumes durch \u00dcberlebensstrategien in Salvador\/Bahia&#8220;, teilweise ver\u00f6ffentlicht, Forschungssemester.<\/p>\n<p><strong>1992- 1994<\/strong><br \/> St\u00e4dtebauliche Entwicklung gro\u00dfer Neubausiedlungen in den neuen Bundesl\u00e4ndern &#8222;Urbanisierung der Wohnsiedlung Greifswalder Stra\u00dfe (Berlin-Prenzlauer Berg) B\u00fcro Ernst und Multhaup im Auftrag des Landes Berlin mit Bundesmitteln.<\/p>\n<p><strong>2006- 2007<\/strong><br \/> \u201aStadt Raum Strategie\u2019, Sammlung von Lektionen, Beobachtungen, Reflexionen und Befindlichkeiten zum Diskurs \u00fcber Stadt<br \/> ver\u00f6ffentlicht als Taschenbuch \u201aStadtRaumStrategie\u2019, Berlin 2007, Forschungssemester.<\/p>\n<p><strong>2009- 2012<\/strong><br \/> Zusammen mit Anke M\u00fcffelmann; Kunst im \u00f6ffentlichen Raum in Europa- ein exemplarischer Vergleich mit Beispielen aus Belfast, Berlin\/Kiel, Istanbul, Lissabon<\/p>\n<p>[\/et_pb_text][\/et_pb_column][\/et_pb_row][\/et_pb_section]<\/p>\n","protected":false},"excerpt":{"rendered":"<p>Gesamtverzeichnis Forschungsarbeiten 1973-1975 mit Siegfried Stein f\u00fcr die Stadt Bochum Erarbeitung und Implementierung eines Modells zur Berechnung des Transportaufwandes bei Standortplanung von \u00f6ffentlichen Einrichtungen. Im Auftrag der Stadt Bochum; das Modell wurde bis Mitte der Neunziger Jahre in der Stadt bei Entscheidungen \u00fcber Standortentscheidungen angewandt. 1979 mit O.Akbar und Dr.A.Bittencourt \u201aRichtwerte und Mindeststandards f\u00fcr die [&hellip;]<\/p>\n","protected":false},"author":1,"featured_media":0,"parent":0,"menu_order":0,"comment_status":"closed","ping_status":"closed","template":"","meta":{"_et_pb_use_builder":"on","_et_pb_old_content":"<p>Forschung und Vortr\u00e4ge<\/p>","_et_gb_content_width":"","footnotes":""},"class_list":["post-234","page","type-page","status-publish","hentry"],"_links":{"self":[{"href":"https:\/\/www.rainerwernst.de\/index.php\/wp-json\/wp\/v2\/pages\/234","targetHints":{"allow":["GET"]}}],"collection":[{"href":"https:\/\/www.rainerwernst.de\/index.php\/wp-json\/wp\/v2\/pages"}],"about":[{"href":"https:\/\/www.rainerwernst.de\/index.php\/wp-json\/wp\/v2\/types\/page"}],"author":[{"embeddable":true,"href":"https:\/\/www.rainerwernst.de\/index.php\/wp-json\/wp\/v2\/users\/1"}],"replies":[{"embeddable":true,"href":"https:\/\/www.rainerwernst.de\/index.php\/wp-json\/wp\/v2\/comments?post=234"}],"version-history":[{"count":7,"href":"https:\/\/www.rainerwernst.de\/index.php\/wp-json\/wp\/v2\/pages\/234\/revisions"}],"predecessor-version":[{"id":555,"href":"https:\/\/www.rainerwernst.de\/index.php\/wp-json\/wp\/v2\/pages\/234\/revisions\/555"}],"wp:attachment":[{"href":"https:\/\/www.rainerwernst.de\/index.php\/wp-json\/wp\/v2\/media?parent=234"}],"curies":[{"name":"wp","href":"https:\/\/api.w.org\/{rel}","templated":true}]}}