{"id":231,"date":"2016-12-11T18:00:45","date_gmt":"2016-12-11T17:00:45","guid":{"rendered":"http:\/\/www.brzakala.de\/beispiel\/?page_id=231"},"modified":"2017-02-15T10:24:11","modified_gmt":"2017-02-15T09:24:11","slug":"ausstellungen","status":"publish","type":"page","link":"https:\/\/www.rainerwernst.de\/index.php\/ausstellungen\/","title":{"rendered":"Ausstellungen"},"content":{"rendered":"<p>[et_pb_section admin_label=&#8220;section&#8220;][et_pb_row admin_label=&#8220;row&#8220;][et_pb_column type=&#8220;4_4&#8243;][et_pb_text admin_label=&#8220;Text&#8220; background_layout=&#8220;light&#8220; text_orientation=&#8220;left&#8220; use_border_color=&#8220;off&#8220; border_color=&#8220;#ffffff&#8220; border_style=&#8220;solid&#8220;]<\/p>\n<h2>Ausstellungen Gesamtverzeichnis<\/h2>\n<p><strong>1978<\/strong><br \/>\n\u201ePolitische Stadtplanung Barcelona 1859 \u2013 1987\u201c<br \/>\nAusstellung in der Hochschule der K\u00fcnste Berlin (HdKB), in Zusammenarbeit mit Ludwig Th\u00fcrmer, im Rahmen der Internationalen Sommerfestspiele 1978 zu den Katalanischen Wochen in Berlin, veranstaltet durch HdKB und Berliner Festwochen<\/p>\n<p><strong>1984<\/strong><br \/>\n\u201eandernorts \u2013 Aspekte st\u00e4dtischen Wohnens in Afrika, Asien und Lateinamerika\u201c<br \/>\nAusstellung in der Hochschule der K\u00fcnste Berlin (HdKB) in Zusammenarbeit mit Ludwig Th\u00fcrmer aus Anlass des Berichtsjahres 1984 der Internationalen Bauausstellung Berlin, veranstaltet durch HdKB und den Senator f\u00fcr Bau- und Wohnungswesen<\/p>\n<p><strong>1985 \u2013 1991<\/strong><br \/>\n\u201eViver na Cidade portugiesische Fassung als Wanderausstellung der Ausstellung \u201eandernorts\u201c in Salvador, Brasilia, Porto Alegre und Sao Paulo in Zusammenarbeit mit dem Goethe-Institut;\u00a0 \u00a0\u00a0 &#8222;Living in Cities&#8220; englische Fassung der gleichen Ausstellung<br \/>\nu.a. in Banjul, Nairobi, Adis Abeba, Kairo, Surabaya und Istanbul; Vortr\u00e4ge, F\u00fchrungen und Seminare immer in Zusammenarbeit mit den jeweiligen Goetheinstituten vor Ort; Abschlussveranstaltung 1991\u00a0 zusammen mit dem Deutschen Werkbund in Frankfurt<\/p>\n<p><strong>1987<br \/>\n<\/strong>Wandzeitungsserie \u201eHabitat Forum Berlin 1987\u201c zusammen mit Ludwig Th\u00fcrmer im Auftrag des Berliner Senats und<br \/>\nin Zusammenarbeit mit HIC (Habitat International Coalition) im Rahmen der IBA 87 aus Anlla\u00df des Internationalen Jahrs der Menschen in Wohnungsnot; 26 ausgew\u00e4hlte partizipatorische Projekte zur Bek\u00e4mpfung der Wohnungsnot aus allen Kontinenten in englischer Sprache, in 800 Exemplaren weltweit verteilt, jede Serie enthielt 28 A0 Poster<\/p>\n<p><strong>1990<\/strong><br \/>\nPerspektiven durch Verbindungen &#8211; Neue Aufgaben f\u00fcr die Stadtentwicklung von Berlin (Ost + West) 1990&#8243; mit P. Kaufmann, D. Kuntzsch, B. Multhaup<br \/>\nAusstellung im Werkbund Berlin, im Haus der Architekten, bei der Senatsverwaltung f\u00fcr Bau- und Wohnungswesen und im Ruhrgebiet<\/p>\n<p><strong>1993<\/strong><br \/>\n\u201eIdeen f\u00fcr Marzahn\u201c\u00a0 mit O.Akbar u. B.Multhaup<br \/>\nAusstellung der Ergebnisse der Ideenwerkstatt Zukunft der Gro\u00dfsiedlungen &#8211; Zukunft von Marzahn, organisiert durch Habitat \u00a0\u00a0 \u00a0\u00a0\u00a0 \u00a0\u00a0\u00a0 \u00a0Forum Berlin im Auftrag der Senatsverwaltung f\u00fcr Bau- und Wohnungswesen Berlin (Nov 93 in der KHB und im Fr\u00fchjahr 94 im \u00a0\u00a0 \u00a0\u00a0\u00a0 \u00a0\u00a0\u00a0 \u00a0Berlin-Pavillon)<\/p>\n<p><strong>1995<\/strong><br \/>\n\u201eHotel Mittelmeer\u201c mit S.Koppelkamm und G.Nest<br \/>\nAusstellung im Haus der Kulturen der Welt zum Thema der Verwendung traditioneller maurisch-andalusischer \u00a0 \u00a0\u00a0\u00a0 \u00a0\u00a0\u00a0 \u00a0\u00a0\u00a0 \u00a0\u00a0\u00a0 \u00a0\u00a0\u00a0\u00a0 Architekturelemente in der modernen Hotelarchitektur im Maghreb<\/p>\n<p><strong>1999<br \/>\n<\/strong>\u201eZ1 Transformation des Verschwindenden\u201c\u00a0 mit R.G\u00f6rss, A. Reidemeister, M.Steiner, Ulla und Uwe Walter<br \/>\nAusstellung in der Berliner Volksbank Potsdamer Platz zum Thema \u201aRegionale Kunstschule und Kulturlandschaft R\u00fcdersdorf\u2019<\/p>\n<p><strong>2000<\/strong><br \/>\n\u201eA Cidade: Projetos Arquitetonicos\u201c<br \/>\nAusstellung \u00fcber eigene Arbeiten im Goethe-Institut\u00a0 Salvador\/Brasilien<\/p>\n<p><strong>2002<\/strong><br \/>\n\u201eFassade Fragile\u201c\u00a0 mit Ingo Fr\u00f6hlich und Lukas K\u00fchne) Lichtinstallation an einem Altbau\u00a0 in Berlin-Mitte, Ausstellungsbeitrag f\u00fcr die Ausstellung des BDA \u201aRethinking: Space \u2013 Time \u2013 Architecture\u2019 aus Anlass des Weltkongresses der UIA in Berlin<\/p>\n<p><strong>2008<\/strong><br \/>\nTeilnahme an der Ausstellung der NGBK Berlin \u201ap\u00f6pp 68 privat\u00a0 \u00f6ffentlich pers\u00f6nlich politisch\u2019,\u00a0 zusammen mit Seraphina Lenz und \u00a0\u00a0 Paula Marie Hildebrandt<\/p>\n<p>&nbsp;<\/p>\n<p>[\/et_pb_text][et_pb_tabs admin_label=&#8220;Registerkarte&#8220; use_border_color=&#8220;off&#8220; border_color=&#8220;#ffffff&#8220; border_style=&#8220;solid&#8220;]<\/p>\n<p>[et_pb_tab title=&#8220;andernorts, HdkB 1984&#8243; tab_font_select=&#8220;default&#8220; tab_font=&#8220;||||&#8220; tab_line_height=&#8220;2em&#8220; tab_line_height_tablet=&#8220;2em&#8220; tab_line_height_phone=&#8220;2em&#8220; body_font_select=&#8220;default&#8220; body_font=&#8220;||||&#8220; body_line_height=&#8220;2em&#8220; body_line_height_tablet=&#8220;2em&#8220; body_line_height_phone=&#8220;2em&#8220;]<\/p>\n<p><img loading=\"lazy\" decoding=\"async\" class=\"aligncenter size-large wp-image-362\" src=\"https:\/\/www.rainerwernst.de\/wp-content\/uploads\/8-1b-andernorts-669x1024.jpg\" alt=\"\" height=\"1024\" width=\"669\" srcset=\"https:\/\/www.rainerwernst.de\/wp-content\/uploads\/8-1b-andernorts-669x1024.jpg 669w, https:\/\/www.rainerwernst.de\/wp-content\/uploads\/8-1b-andernorts-196x300.jpg 196w, https:\/\/www.rainerwernst.de\/wp-content\/uploads\/8-1b-andernorts-1080x1653.jpg 1080w, https:\/\/www.rainerwernst.de\/wp-content\/uploads\/8-1b-andernorts.jpg 1092w\" sizes=\"(max-width: 669px) 100vw, 669px\" \/><\/p>\n<p>Andernorts, Aspekte st\u00e4dtischen Wohnens in Afrika, Asien und Lateiamerika, eine Ausstellung von Rainer W. Ernst und Ludwig Th\u00fcrmer, Berlin 1984 zum Berichtsjahr 1984 der IBA 1987 veranstaltet durch den Senator f\u00fcr Bau- und Wohnungswesen in Zusammenarbeit mit der Hochschule der K\u00fcnste Berlin<br \/>\nDie Ausstellung bestand aus vier teilen: \u00dcberblick \u00fcber das Ausma\u00df und die Verbreitung der Verst\u00e4dterung mit zwei Exkursen \u00fcber Metropolen (Beispiele Mexiko-Stadt, Kairo und Bangkok) und die Stadt-Land-Verflechtung (Beispiel Ouagadougou\/Obervolta) und die Verschiedenheit von Urbanit\u00e4t; Einblick in den Quartiersalltag in Aleppo, Banjul, Salvador und Surabaya; R\u00fcckblick auf die Geschichte unseres Vorverst\u00e4ndnissesvon St\u00e4dten des Orients; Sammlung architektonischer Besonderheiten aus verschiedenen Kulturen (Indien, Nepal, Bali, Marokko und Obervolta).<br \/>\nAn der Erarbeitung des Materials waren nahezu hundert verschiedene Kooperanten aus 21 L\u00e4ndern beteiligt.<\/p>\n<p>[\/et_pb_tab][et_pb_tab title=&#8220;Habitat Wandzeitungsserie Building Community &#8211; Changing the City&#8220; tab_font_select=&#8220;default&#8220; tab_font=&#8220;||||&#8220; tab_line_height=&#8220;2em&#8220; tab_line_height_tablet=&#8220;2em&#8220; tab_line_height_phone=&#8220;2em&#8220; body_font_select=&#8220;default&#8220; body_font=&#8220;||||&#8220; body_line_height=&#8220;2em&#8220; body_line_height_tablet=&#8220;2em&#8220; body_line_height_phone=&#8220;2em&#8220;]<\/p>\n\n\t\t<style type=\"text\/css\">\n\t\t\t#gallery-1 {\n\t\t\t\tmargin: auto;\n\t\t\t}\n\t\t\t#gallery-1 .gallery-item {\n\t\t\t\tfloat: left;\n\t\t\t\tmargin-top: 10px;\n\t\t\t\ttext-align: center;\n\t\t\t\twidth: 50%;\n\t\t\t}\n\t\t\t#gallery-1 img {\n\t\t\t\tborder: 2px solid #cfcfcf;\n\t\t\t}\n\t\t\t#gallery-1 .gallery-caption {\n\t\t\t\tmargin-left: 0;\n\t\t\t}\n\t\t\t\/* see gallery_shortcode() in wp-includes\/media.php *\/\n\t\t<\/style>\n\t\t<div id='gallery-1' class='gallery galleryid-231 gallery-columns-2 gallery-size-medium'><dl class='gallery-item'>\n\t\t\t<dt class='gallery-icon portrait'>\n\t\t\t\t<a href='https:\/\/www.rainerwernst.de\/index.php\/ausstellungen\/epson-scanner-image-3\/'><img loading=\"lazy\" decoding=\"async\" width=\"207\" height=\"300\" src=\"https:\/\/www.rainerwernst.de\/wp-content\/uploads\/8-2-Wandzeitung-207x300.jpg\" class=\"attachment-medium size-medium\" alt=\"\" srcset=\"https:\/\/www.rainerwernst.de\/wp-content\/uploads\/8-2-Wandzeitung-207x300.jpg 207w, https:\/\/www.rainerwernst.de\/wp-content\/uploads\/8-2-Wandzeitung-705x1024.jpg 705w, https:\/\/www.rainerwernst.de\/wp-content\/uploads\/8-2-Wandzeitung-1080x1568.jpg 1080w, https:\/\/www.rainerwernst.de\/wp-content\/uploads\/8-2-Wandzeitung.jpg 1092w\" sizes=\"(max-width: 207px) 100vw, 207px\" \/><\/a>\n\t\t\t<\/dt><\/dl><dl class='gallery-item'>\n\t\t\t<dt class='gallery-icon portrait'>\n\t\t\t\t<a href='https:\/\/www.rainerwernst.de\/index.php\/ausstellungen\/epson-scanner-image-4\/'><img loading=\"lazy\" decoding=\"async\" width=\"213\" height=\"300\" src=\"https:\/\/www.rainerwernst.de\/wp-content\/uploads\/10-2-Wandzeitung-213x300.jpg\" class=\"attachment-medium size-medium\" alt=\"\" srcset=\"https:\/\/www.rainerwernst.de\/wp-content\/uploads\/10-2-Wandzeitung-213x300.jpg 213w, https:\/\/www.rainerwernst.de\/wp-content\/uploads\/10-2-Wandzeitung-728x1024.jpg 728w, https:\/\/www.rainerwernst.de\/wp-content\/uploads\/10-2-Wandzeitung-1080x1519.jpg 1080w, https:\/\/www.rainerwernst.de\/wp-content\/uploads\/10-2-Wandzeitung.jpg 1264w\" sizes=\"(max-width: 213px) 100vw, 213px\" \/><\/a>\n\t\t\t<\/dt><\/dl><br style=\"clear: both\" \/>\n\t\t<\/div>\n\n<p><strong>Wandzeitungsserie<\/strong><br \/>\nChanging the City \u2013 Building Community<br \/>\nHabitat Forum berlin in Zusammenarbeit mit Habitat International Council im Auftrag des Senats von berlin 1987, 26 Wandzeitungen \u00fcber international ausgesuchte besipielhafte Wohnungsprojekte (19 Projekte ) und typische Stadtentwicklungsprozesse (5 Fallbesipiele), die bestimmte Wohnungsprobleme mit sich bringen.<\/p>\n<p>[\/et_pb_tab]<\/p>\n<p>[\/et_pb_tabs][\/et_pb_column][\/et_pb_row][\/et_pb_section]<\/p>\n","protected":false},"excerpt":{"rendered":"<p>Ausstellungen Gesamtverzeichnis 1978 \u201ePolitische Stadtplanung Barcelona 1859 \u2013 1987\u201c Ausstellung in der Hochschule der K\u00fcnste Berlin (HdKB), in Zusammenarbeit mit Ludwig Th\u00fcrmer, im Rahmen der Internationalen Sommerfestspiele 1978 zu den Katalanischen Wochen in Berlin, veranstaltet durch HdKB und Berliner Festwochen 1984 \u201eandernorts \u2013 Aspekte st\u00e4dtischen Wohnens in Afrika, Asien und Lateinamerika\u201c Ausstellung in der Hochschule [&hellip;]<\/p>\n","protected":false},"author":1,"featured_media":0,"parent":0,"menu_order":0,"comment_status":"closed","ping_status":"closed","template":"","meta":{"_et_pb_use_builder":"on","_et_pb_old_content":"<p>Ausstellungen<\/p>","_et_gb_content_width":"","footnotes":""},"class_list":["post-231","page","type-page","status-publish","hentry"],"_links":{"self":[{"href":"https:\/\/www.rainerwernst.de\/index.php\/wp-json\/wp\/v2\/pages\/231","targetHints":{"allow":["GET"]}}],"collection":[{"href":"https:\/\/www.rainerwernst.de\/index.php\/wp-json\/wp\/v2\/pages"}],"about":[{"href":"https:\/\/www.rainerwernst.de\/index.php\/wp-json\/wp\/v2\/types\/page"}],"author":[{"embeddable":true,"href":"https:\/\/www.rainerwernst.de\/index.php\/wp-json\/wp\/v2\/users\/1"}],"replies":[{"embeddable":true,"href":"https:\/\/www.rainerwernst.de\/index.php\/wp-json\/wp\/v2\/comments?post=231"}],"version-history":[{"count":10,"href":"https:\/\/www.rainerwernst.de\/index.php\/wp-json\/wp\/v2\/pages\/231\/revisions"}],"predecessor-version":[{"id":454,"href":"https:\/\/www.rainerwernst.de\/index.php\/wp-json\/wp\/v2\/pages\/231\/revisions\/454"}],"wp:attachment":[{"href":"https:\/\/www.rainerwernst.de\/index.php\/wp-json\/wp\/v2\/media?parent=231"}],"curies":[{"name":"wp","href":"https:\/\/api.w.org\/{rel}","templated":true}]}}