{"id":225,"date":"2016-12-11T18:00:18","date_gmt":"2016-12-11T17:00:18","guid":{"rendered":"http:\/\/www.brzakala.de\/beispiel\/?page_id=225"},"modified":"2019-03-25T15:27:30","modified_gmt":"2019-03-25T14:27:30","slug":"auslandsaktivitaeten","status":"publish","type":"page","link":"https:\/\/www.rainerwernst.de\/index.php\/auslandsaktivitaeten\/","title":{"rendered":"Auslandsaktivit\u00e4ten"},"content":{"rendered":"<p>[et_pb_section bb_built=&#8220;1&#8243; admin_label=&#8220;section&#8220; _builder_version=&#8220;3.0.47&#8243;][et_pb_row admin_label=&#8220;row&#8220; _builder_version=&#8220;3.0.48&#8243; background_size=&#8220;initial&#8220; background_position=&#8220;top_left&#8220; background_repeat=&#8220;repeat&#8220;][et_pb_column type=&#8220;4_4&#8243;][et_pb_text _builder_version=&#8220;3.21.1&#8243; background_size=&#8220;initial&#8220; background_position=&#8220;top_left&#8220; background_repeat=&#8220;repeat&#8220; z_index_tablet=&#8220;500&#8243;]<\/p>\n<p><strong>1971 &#8211; 1973<\/strong><br \/>Mitarbeiter beim Aufbau eines Stadt- und Regionalplanungsverbandes der Metropolitanen Region Porto Alegre. Projekt der technischen Zusammenarbeit zwischen der Bundesrepublik Deutschland und Brasilien, durchgef\u00fchrt durch die GTZ (Gesellschalt f\u00fcr technische Zusammenarbeit)<br \/><strong>1973 &#8211; 1986<\/strong><br \/>Mitglied des Beraterausschusses des BMZ (Bundesministeriums f\u00fcr wirtschaftliche Zusammenarbeit) und der DSE (Deutsche Stiftung f\u00fcr Internationale entwicklung) zum Thema &#8218;Stadtentwicklung&#8216;. Gutachter des BMZ und der GTZ bei Projekten der technischen Zusammenarbeit in verschiedenen L\u00e4ndern Lateinamerikas und Afrikas (insbesondere Brasilien. Bolivien. Gambia. Kapverdische Inseln)<br \/><strong>1976 &#8211; 1982<\/strong><br \/>interdisziplin\u00e4re Forschungs- und Lehrprojekte zum interkulturellen Vergleich u.a.: Studienprojekt Bazar Teheran, Stadtrand (urbanizacion marginal), Barcelona. Medina und Souk Beni Mellal Marokko, Historisches Zentrum Salvador\/Bahia (Brasilien), Stadtentwicklung Mindelo Kapverdische Inseln<br \/><strong>1980 &#8211; 1982<\/strong><br \/>Beratung der Stadtverwaltung von Bagdad bei der Altstadterneuerung 1982 &#8211; 1984<br \/>Leitung eines interdisziplin\u00e4ren und internationalen Forschungsprojektes \u00fcber Wohnen in st\u00e4dtischen Quartieren &#8211; dokumentiert in &#8222;Die Stadt in Afrika. Asien und Lateinamerika&#8220;.<br \/><strong>1984 &#8211; 1985<\/strong><br \/>sowie in der Ausstellung &#8222;Andernorts&#8220; (HdkB) als Beitrag zur internationalenBauausstellung und in Zusammenarbeit mit Goethe-Instituten sowie der DSE &#8222;Living in cities&#8220; engl. Wanderausstellung in \u00fcber dreissig verschiedenen Goetheinstituten in Afrika. Asien und Lateinamerika, meist verbunden mit entsprechenden Seminaren zum Thema &#8218;Stadterneuerung&#8216;<br \/><strong>1985 -1987<\/strong><br \/>Vorbereitung und Leitung des Habitat Forum Berlin 1987 Aus Anla\u00df des Internationalen Jahrs der Menschen in Wohnungsnot: l\u00fct\u00e4giger internationaler Kongress mit ca 300 Vertretern von HGO&#8217;s aus 51 L\u00e4ndern im Geb\u00e4ude des Reichstages Berlin: Herausgabe einer Posterserie mit BestPractice Projekten<br \/><strong>1985 &#8211; 1988<\/strong><br \/>Vorbereitung und Durchf\u00fchrung eines Pilotprojektes zur Revitalisierung des Wohnens im historischen Zentrum von Salvador\/Bahia\/Brasilien im Auftrag des Habitat Forum Berlin Auswertung des Pilotprojektes zu einer Strategie f\u00fcr die Revitalisierung deshistorischen Zentrums Salvador im Auftrag der GTZ<br \/><strong>1990 &#8211; 1993<\/strong><br \/>mit Dr. R. Borst. Dr. S. Kr\u00e4tke und G. Nest Forschungsprojekt an der HdK Berlin(Hoschule der K\u00fcnste): &#8222;Stadterneuerung in Afrika. Asien und Lateinamerika&#8220;: vergleichende Untersuchung \u00fcber den Zusammenhang von Wohnen und Arbeiten in I innerst\u00e4dtischen Altstadtquartieren Konzept f\u00fcr den Ausbau einer Ruine in ein Kulturzentrum im historischenZentrum von Salvador\/Bahia f\u00fcr Korin Efan<br \/><strong>1996 -1997<\/strong><br \/>Seminar und Workshop zur Revitalisierung von alten Stadtteilen im Zentrum von Moskau<br \/><strong>1995 &#8211; 2001<\/strong><br \/>Mitglied einer internationalen Evaluierungskommission f\u00fcr die Studieng\u00e4nge Architektur in Portugal, im Auftrag des zust\u00e4ndigen Ministeriums Portugals<br \/><strong>Seit 2001<\/strong><br \/>In Zusammenarbeit mit FIB (Faculdade Integrada da Bahia) und der Secretaria Municipal do Planejamento. Urbanismo e Meio Ambiente Vorbereitung einer neuen Kunsthochschule) in Salvador &#8218;ADBB&#8216; (Arte e Design Berlim Bahia)<br \/><strong>Seit 2002<\/strong><br \/>Mitwirkung bei dem Forum Berlin-Caracas, auf Einladung des Goethe-lnstitutsCaracas und in Zusammenarbeit mit der Stadt Caracas<br \/><strong>2002 &#8211; 2004<\/strong><br \/>Mit Bela Kunckel Studie \u00fcber die Transformation des Hafens von Salvador\/Bahia als Erweiterungsgebiet f\u00fcr die historische Unterstadt im Auftrag der Stadtverwaltung von Salvador<br \/><strong>2007<\/strong><br \/>Beratung der kapverdischen Regierung f\u00fcr eine integrierte und nachhaltige touristische Entwicklung der Inseln Boa Vista und Maio<br \/><strong>Seit 1974<\/strong><br \/>div. Vortr\u00e4ge. Teilnahme an Seminaren. Podiumsdiskussionen.<br \/>Fernsehsendungen, etc. u.a. in England. Spanien. Brasilien. Kenia. \u00c4gypten.Frankreich. Venezuela. Indien. Portugal. Marokko. Indonesien. Kuba. Russland, T\u00fcrkei. \u00c4thiopien. Kapverdische Inseln<\/p>\n<p>[\/et_pb_text][\/et_pb_column][\/et_pb_row][\/et_pb_section]<\/p>\n","protected":false},"excerpt":{"rendered":"<p>1971 &#8211; 1973Mitarbeiter beim Aufbau eines Stadt- und Regionalplanungsverbandes der Metropolitanen Region Porto Alegre. Projekt der technischen Zusammenarbeit zwischen der Bundesrepublik Deutschland und Brasilien, durchgef\u00fchrt durch die GTZ (Gesellschalt f\u00fcr technische Zusammenarbeit)1973 &#8211; 1986Mitglied des Beraterausschusses des BMZ (Bundesministeriums f\u00fcr wirtschaftliche Zusammenarbeit) und der DSE (Deutsche Stiftung f\u00fcr Internationale entwicklung) zum Thema &#8218;Stadtentwicklung&#8216;. Gutachter des [&hellip;]<\/p>\n","protected":false},"author":1,"featured_media":0,"parent":0,"menu_order":0,"comment_status":"closed","ping_status":"closed","template":"","meta":{"_et_pb_use_builder":"on","_et_pb_old_content":"1971 - 1973\r\nMitarbeiter beim Aufbau eines Stadt- und Regionalplanungsverbandes der Metropolitanen Region Porto Alegre. Projekt der technischen Zusammenarbeit zwischen der Bundesrepublik Deutschland und Brasilien, durchgef\u00fchrt durch die GTZ (Gesellschalt f\u00fcr technische Zusammenarbeit)\r\n1973 - 1986\r\nMitglied des Beraterausschusses des BMZ (Bundesministeriums f\u00fcr wirtschaftliche Zusammenarbeit) und der DSE (Deutsche Stiftung f\u00fcr Internationale entwicklung) zum Thema 'Stadtentwicklung'. Gutachter des BMZund der GTZ bei Projekten der technischen Zusammenarbeit in verschiedenen L\u00e4ndern Lateinamerikas und Afrikas (insbesondere Brasilien. Bolivien. Gambia. Kapverdische Inseln)\r\n1976 - 1982\r\ninterdisziplin\u00e4re Forschungs- und Lehrprojekte zum interkulturellen Vergleich u.a.: Studienprojekt Bazar Teheran. Stadtrand (urbanizacion marginal)\r\nBarcelona. Medina und Souk Beni Mellal Marokko. Historisches Zentrum Salvador\/Bahia (Brasilien). Stadtentwicklung Mindelo Kapverdische Inseln\r\n1980 - 1582\r\nBeratung der Stadtverwaltung von Bagdad bei der Altstadterneuerung 158Z - 1584\r\nLeitung eines interdisziplin\u00e4ren und internationalen Forschungsprojektes \u00fcber Wohnen in st\u00e4dtischen Quartieren - dokumentiert in \"Die Stadt in Afrika. Asien und Lateinamerika\".\r\n1984 - 1985\r\nsowie in der Ausstellung \"Andernorts\" (HdkB) als Beitrag zur internationalenBauausstellung und in Zusammenarbeit mit Goethe-Instituten sowie der DSE \"Living in cities\" engl. Wanderausstellung in \u00fcber dreissig verschiedenen Goetheinstituten in Afrika. Asien und Lateinamerika, meist verbunden mit entsprechenden Seminaren zum Thema 'Stadterneuerung'\r\n1985 -1987\r\nVorbereitung und Leitung des Habitat Forum Berlin 1587 Aus Anla\u00df des Internationalen Jahrs der Menschen in Wohnungsnot: l\u00fct\u00e4giger internationaler Kongress mit ca 300 Vertretern von HGO's aus 51 L\u00e4ndern im Geb\u00e4ude des Reichstages Berlin: Herausgabe einer Posterserie mit BestPractice Projekten\r\n1985 - 1988\r\nVorbereitung und Durchf\u00fchrung eines Pilotprojektes zur Revitalisierung des Wohnens im historischen Zentrum von Salvador\/Bahia\/Brasilien im Auftrag des Habitat Forum Berlin Auswertung des Pilotprojektes zu einer Strategie f\u00fcr die Revitalisierung deshistorischen Zentrums Salvador im Auftrag der GTZ\r\n1990 - 1993\r\nmit Dr. R. Borst. Dr. S. Kr\u00e4tke und G. Nest Forschungsprojekt an der HdK Berlin(Hoschule der K\u00fcnste): \"Stadterneuerung in Afrika. Asien und Lateinamerika\": vergleichende Untersuchung \u00fcber den Zusammenhang von Wohnen und Arbeiten in I innerst\u00e4dtischen Altstadtquartieren Konzept f\u00fcr den Ausbau einer Ruine in ein \u2022 Kulturzentrum im historischenZentrum von Salvador\/Bahia f\u00fcr Korin Efan\r\n1996 -1997\r\nSeminar und Workshop zur Revitalisierung von alten Stadtteilen im Zentrum von Moskau\r\n1995 - 2001\r\nMitglied einer internationalen Evaluierungskommission f\u00fcr die Studieng\u00e4nge Architektur in Portugal, im Auftrag des zust\u00e4ndigen Ministeriums Portugals\r\nSeit 2001\r\nIn Zusammenarbeit mit FIB (Faculdade Integrada da Bahia) und der Secretaria Municipal do Planejamento. Urbanismo e Meio Ambiente Vorbereitung einer neuen Kunsthochschule) in Salvador 'ADBB' (Arte e Design Berlim Bahia)\r\nSeit 2002\r\nMitwirkung bei dem Forum Berlin-Caracas, auf Einladung des Goethe-lnstitutsCaracas und in Zusammenarbeit mit der Stadt Caracas\r\n2002 - 2004\r\nMit Bela Kunckel Studie \u00fcber die Transformation des Hafens von Salvador\/Bahia als Erweiterungsgebiet f\u00fcr die historische Unterstadt im Auftrag der Stadtverwaltung von Salvador\r\n2007\r\nBeratung der kapverdischen Regierung f\u00fcr eine integrierte und nachhaltige touristische 1 Entwicklung der Inseln Boa Vista und Maio\r\nSeit 1974\r\ndiv. Vortr\u00e4ge. Teilnahme an Seminaren. Podiumsdiskussionen.\r\nFernsehsendungen, etc. u.a. in England. Spanien. Brasilien. Kenia. \u00c4gypten.Frankreich. Venezuela. Indien. Portugal. Marokko. Indonesien. Kuba. Russland, T\u00fcrkei. \u00c4thiopien. Kapverdische Inseln","_et_gb_content_width":"","footnotes":""},"class_list":["post-225","page","type-page","status-publish","hentry"],"_links":{"self":[{"href":"https:\/\/www.rainerwernst.de\/index.php\/wp-json\/wp\/v2\/pages\/225","targetHints":{"allow":["GET"]}}],"collection":[{"href":"https:\/\/www.rainerwernst.de\/index.php\/wp-json\/wp\/v2\/pages"}],"about":[{"href":"https:\/\/www.rainerwernst.de\/index.php\/wp-json\/wp\/v2\/types\/page"}],"author":[{"embeddable":true,"href":"https:\/\/www.rainerwernst.de\/index.php\/wp-json\/wp\/v2\/users\/1"}],"replies":[{"embeddable":true,"href":"https:\/\/www.rainerwernst.de\/index.php\/wp-json\/wp\/v2\/comments?post=225"}],"version-history":[{"count":8,"href":"https:\/\/www.rainerwernst.de\/index.php\/wp-json\/wp\/v2\/pages\/225\/revisions"}],"predecessor-version":[{"id":568,"href":"https:\/\/www.rainerwernst.de\/index.php\/wp-json\/wp\/v2\/pages\/225\/revisions\/568"}],"wp:attachment":[{"href":"https:\/\/www.rainerwernst.de\/index.php\/wp-json\/wp\/v2\/media?parent=225"}],"curies":[{"name":"wp","href":"https:\/\/api.w.org\/{rel}","templated":true}]}}