{"id":210,"date":"2016-12-11T17:58:29","date_gmt":"2016-12-11T16:58:29","guid":{"rendered":"http:\/\/www.brzakala.de\/beispiel\/?page_id=210"},"modified":"2018-07-09T15:25:25","modified_gmt":"2018-07-09T13:25:25","slug":"biographie","status":"publish","type":"page","link":"https:\/\/www.rainerwernst.de\/index.php\/biographie\/","title":{"rendered":"Biographie"},"content":{"rendered":"<p>[et_pb_section bb_built=&#8220;1&#8243; admin_label=&#8220;section&#8220;][et_pb_row admin_label=&#8220;row&#8220; background_position=&#8220;top_left&#8220; background_repeat=&#8220;repeat&#8220; background_size=&#8220;initial&#8220;][et_pb_column type=&#8220;4_4&#8243;][et_pb_text _builder_version=&#8220;3.7&#8243;]<\/p>\n<h2>Biographie<\/h2>\n<p>[\/et_pb_text][et_pb_image src=&#8220;https:\/\/www.rainerwernst.de\/wp-content\/uploads\/Portrait-17_1.jpg&#8220; use_border_color=&#8220;off&#8220; animation_style=&#8220;slide&#8220; animation_duration=&#8220;500ms&#8220; animation_intensity_slide=&#8220;10%&#8220; animation_direction=&#8220;left&#8220; _builder_version=&#8220;3.7&#8243;]<\/p>\n<p>&nbsp;<\/p>\n<p>[\/et_pb_image][et_pb_gallery gallery_ids=&#8220;523,524,405,317,316,318,319,320,322,323&#8243; show_title_and_caption=&#8220;off&#8220; hover_overlay_color=&#8220;rgba(255,255,255,0.9)&#8220; use_border_color=&#8220;off&#8220; _builder_version=&#8220;3.8&#8243; posts_number=&#8220;12&#8243; db_image_max_width_tablet=&#8220;51&#8243; db_image_max_height_tablet=&#8220;501&#8243; db_image_row_spacing_tablet=&#8220;51&#8243; db_image_object_fit=&#8220;initial&#8220; zoom_icon_color=&#8220;#2ea3f2&#8243; db_image_center_titles=&#8220;left&#8220;]<\/p>\n<p>&nbsp;<\/p>\n<p>[\/et_pb_gallery][et_pb_text use_border_color=&#8220;off&#8220; background_position=&#8220;top_left&#8220; background_repeat=&#8220;repeat&#8220; background_size=&#8220;initial&#8220; _builder_version=&#8220;3.8&#8243;]<\/p>\n<p><strong>Prof. Dipl. Ing. Rainer W. Ernst, Architekt DWB BDA<\/strong><br \/>\n<strong>Biographischer \u00dcberblick<\/strong><br \/>\nStand Februar 2016<\/p>\n\n<table id=\"tablepress-1\" class=\"tablepress tablepress-id-1\">\n<tbody class=\"row-striping row-hover\">\n<tr class=\"row-1\">\n\t<td class=\"column-1\">geb. 1943<\/td><td class=\"column-2\">in Berlin<\/td>\n<\/tr>\n<tr class=\"row-2\">\n\t<td class=\"column-1\">1963<\/td><td class=\"column-2\">\tAbitur, Ev. Gymnasium zum Grauen Kloster Berlin<\/td>\n<\/tr>\n<tr class=\"row-3\">\n\t<td class=\"column-1\">1963-1968<\/td><td class=\"column-2\"> Studium der Architektur an der TH Stuttgart, studentische Hilfskraft am Institut von Prof. Frei Otto f\u00fcr das Projekt Deutscher Pavillon in Montreal<\/td>\n<\/tr>\n<tr class=\"row-4\">\n\t<td class=\"column-1\">1969-1975<\/td><td class=\"column-2\">Assistent an der Abteilung Raumplanung, Universit\u00e4t Dortmund, Lehrstuhl f\u00fcr \u00d6konometrie (Mitglied der AG KOP, interdisziplin\u00e4re Forschungs- und Lehrgruppe \"Kommunale Planung\u201c)<\/td>\n<\/tr>\n<tr class=\"row-5\">\n\t<td class=\"column-1\">1971-1973<\/td><td class=\"column-2\">Beurlaubt f\u00fcr eine T\u00e4tigkeit als Stadtplaner und Architekt in einem Projekt der Technischen Zusammenarbeit in Porto Alegre\/Brasilien zum Aufbau einer Regionalplanungsbeh\u00f6rde<\/td>\n<\/tr>\n<tr class=\"row-6\">\n\t<td class=\"column-1\">1973-1978<\/td><td class=\"column-2\">Mitglied im Arbeitskreis Stadtentwicklung des BMZ (Bundesministerium f\u00fcr wirtschaftliche Zusammenarbeit) und der DSE (Deutsche Stiftung f\u00fcr Internationale Entwicklung)<\/td>\n<\/tr>\n<tr class=\"row-7\">\n\t<td class=\"column-1\">1975-1993<\/td><td class=\"column-2\">Hochschullehrer (o. Professor C4) f\u00fcr Stadtplanung und Kommunale <br \/>\nEntwicklung am Fachbereich Architektur der Hochschule der K\u00fcnste Berlin (von 76 - 84 Aufbau des Schwerpunktes Bau- und Stadtentwicklung in anderen Kulturen).<br \/>\n<\/td>\n<\/tr>\n<tr class=\"row-8\">\n\t<td class=\"column-1\">1975-1979<\/td><td class=\"column-2\">Architekturb\u00fcro mit Prof. K. H. Ernst<\/td>\n<\/tr>\n<tr class=\"row-9\">\n\t<td class=\"column-1\">1981-1982<\/td><td class=\"column-2\">Sprecher des Fachbereichs Architektur an der HdK. <\/td>\n<\/tr>\n<tr class=\"row-10\">\n\t<td class=\"column-1\">1982-1985<\/td><td class=\"column-2\">1. Vizepr\u00e4sident der Hochschule der K\u00fcnste Berlin<\/td>\n<\/tr>\n<tr class=\"row-11\">\n\t<td class=\"column-1\">1982-1994<\/td><td class=\"column-2\">Mitglied des Vorstandes des Deutschen Werkbundes Berlin.<\/td>\n<\/tr>\n<tr class=\"row-12\">\n\t<td class=\"column-1\">1988-1994<\/td><td class=\"column-2\">1. Vorsitzender des Deutschen Werkbundes Berlin.<\/td>\n<\/tr>\n<tr class=\"row-13\">\n\t<td class=\"column-1\">1986-1993<\/td><td class=\"column-2\">Mitglied des Aufsichtsrates von S.T.E.R.N., Gesellschaft f\u00fcr Stadterneuerung des Landes Berlin<\/td>\n<\/tr>\n<tr class=\"row-14\">\n\t<td class=\"column-1\">1988-1998<\/td><td class=\"column-2\">Mit Prof. L. Th\u00fcrmer  Gr\u00fcndung und Leitung des Habitat Forum Berlin <br \/>\n(gemeinn\u00fctzige Gesellschaft zur F\u00f6rderung menschengerechten Wohnens)<br \/>\n1998 \u00dcbergabe der Gesellschaft an Dr. G. Nest<\/td>\n<\/tr>\n<tr class=\"row-15\">\n\t<td class=\"column-1\">1990-1993<\/td><td class=\"column-2\">Mit B. Multhaup gemeinsames B\u00fcro f\u00fcr Architektur und Planung<\/td>\n<\/tr>\n<tr class=\"row-16\">\n\t<td class=\"column-1\">1994-2008<\/td><td class=\"column-2\">Eigenes Architekturb\u00fcro in Berlin<\/td>\n<\/tr>\n<tr class=\"row-17\">\n\t<td class=\"column-1\">1992<\/td><td class=\"column-2\">Gr\u00fcndungsmitglied des F\u00f6rdervereins Museumspark Baustoffindustrie R\u00fcdersdorf, <br \/>\nMitglied des Vorstands, 1993 erhielt der Verein f\u00fcr das Konzept und die Realisation den Deutschen Preis f\u00fcr Denkmalschutz<\/td>\n<\/tr>\n<tr class=\"row-18\">\n\t<td class=\"column-1\">1990-1991 <\/td><td class=\"column-2\">Gastvertretung der Professur f\u00fcr St\u00e4dtebau an der Technischen Universit\u00e4t Berlin, Fachbereich Architektur<\/td>\n<\/tr>\n<tr class=\"row-19\">\n\t<td class=\"column-1\">1993-2008<\/td><td class=\"column-2\">Hochschullehrer f\u00fcr St\u00e4dtebau und Entwerfen an der Kunsthochschule Berlin-Wei\u00dfensee<\/td>\n<\/tr>\n<tr class=\"row-20\">\n\t<td class=\"column-1\">1994-1996<\/td><td class=\"column-2\">Prorektor der Kunsthochschule Berlin-Wei\u00dfensee<\/td>\n<\/tr>\n<tr class=\"row-21\">\n\t<td class=\"column-1\">1996-2004<\/td><td class=\"column-2\">Rektor der Kunsthochschule Berlin-Wei\u00dfensee<\/td>\n<\/tr>\n<tr class=\"row-22\">\n\t<td class=\"column-1\">1997-2004<\/td><td class=\"column-2\">Mitglied im Rat f\u00fcr die K\u00fcnste Berlin<\/td>\n<\/tr>\n<tr class=\"row-23\">\n\t<td class=\"column-1\">1998-2001<\/td><td class=\"column-2\">1. Vorsitzender des BDA (Bund Deutscher Architekten) Berlin<\/td>\n<\/tr>\n<tr class=\"row-24\">\n\t<td class=\"column-1\">2002-2004<\/td><td class=\"column-2\">Gr\u00fcndungsmitglied der Kunsthochschule \u201aADBB\u2019 (Arte e Design Berlim Bahia) in Salvador\/Bahia<\/td>\n<\/tr>\n<tr class=\"row-25\">\n\t<td class=\"column-1\">2003-2004<\/td><td class=\"column-2\">Berater der Stadt Salvador bei der R\u00fcckgewinnung des historischen Hafengel\u00e4ndes f\u00fcr das historische Stadtzentrum<\/td>\n<\/tr>\n<tr class=\"row-26\">\n\t<td class=\"column-1\">2004<\/td><td class=\"column-2\">Berater  der Nordeurop\u00e4ischen Akademie f\u00fcr Kunst und Architektur Schwerin zur Vorbereitung und Akkreditierung von postgradualen Studieng\u00e4ngen<\/td>\n<\/tr>\n<tr class=\"row-27\">\n\t<td class=\"column-1\">2005-2007<\/td><td class=\"column-2\">Lehrauftrag an der Technischen Universit\u00e4t Berlin zur teilweisen Lehrstuhlvertretung <br \/>\n\u201aPlanungsmethodik\u2019 im Studiengang Stadt- und Regionalplanung<br \/>\n<\/td>\n<\/tr>\n<tr class=\"row-28\">\n\t<td class=\"column-1\">2005-2008<\/td><td class=\"column-2\">Vorsitzender des Beratungsausschusses Kunst des Landes Berlin<\/td>\n<\/tr>\n<tr class=\"row-29\">\n\t<td class=\"column-1\">2008-2013<\/td><td class=\"column-2\">Pr\u00e4sident der Muthesius Kunsthochschule Kiel neben der allgemeinen Leitung und der Erarbeitung eines Konzeptes f\u00fcr den neuen Campus mit intensiver Begleitung der beauftragten Architekten sowie Durchf\u00fchrung des Umzugs in den neuen Campus, wurden eine Reihe besonderer Projekte initiiert, wie die Kooperation mit Schulen durch das von Friederike R\u00fcckert geleitete Projekt \"KunstHochschule\", das von Simon K\u00fchl geleitete Projekt \"Zwischennutzung Lessingbad\", der Aufbau des Atelierhauses im Anscharpark in Kiel sowie das von der EU gef\u00f6rderte und von Anke M\u00fcffelmann geleitete Projekt \"art in public space \u2013 ein europ\u00e4ischer Vergleich\"<br \/>\n<\/td>\n<\/tr>\n<tr class=\"row-30\">\n\t<td class=\"column-1\">2011-2013<\/td><td class=\"column-2\">Mitglied der beiden Exzellenzcluster der CAU in Kiel \u201aFuture Ocean\u2019 und \u201aInflamation\u2019<\/td>\n<\/tr>\n<tr class=\"row-31\">\n\t<td class=\"column-1\">2012<\/td><td class=\"column-2\">mit Simon K\u00fchl Gr\u00fcndung der \u201aArchitekturwerkstatt Kiel \u2013 Ernst&amp;K\u00fchl\u2019<\/td>\n<\/tr>\n<tr class=\"row-32\">\n\t<td class=\"column-1\">2012\/13<\/td><td class=\"column-2\">Beratung der CAU bei der Entwicklung des neuen Campus f\u00fcr Medizin am Klinikum Kiel<\/td>\n<\/tr>\n<tr class=\"row-33\">\n\t<td class=\"column-1\">2013-2016<\/td><td class=\"column-2\">Mitglied der Arbeitsgruppe \u201aHumboldt Forum\u2019 der Stiftung Zukunft Berlin<\/td>\n<\/tr>\n<tr class=\"row-34\">\n\t<td class=\"column-1\">2015-2016<\/td><td class=\"column-2\">erneut Mitglied des Beratungsausschusses Kunst des Landes Berlin<\/td>\n<\/tr>\n<tr class=\"row-35\">\n\t<td class=\"column-1\">seit 2016<\/td><td class=\"column-2\">Workshops zum Thema \"Analoge Modelle\" als Erkenntnis- und Kommunikationshilfe f\u00fcr<br \/>\ndie Forschung im mikrobiologischen Bereich; in Kooperation mit dem SFB 1192 \u201eorigin and function of microorganism\u201c der CAU-Kiel, geleitet von Prof. Dr.Dr. Bosch<\/td>\n<\/tr>\n<tr class=\"row-36\">\n\t<td class=\"column-1\">seit 2016<\/td><td class=\"column-2\">Workshops im Schulbereich zum Thema \"Erkennen von und Kommunizieren \u00fcber Raum\"<\/td>\n<\/tr>\n<tr class=\"row-37\">\n\t<td class=\"column-1\">8.9.2019<\/td><td class=\"column-2\">in Berlin verstorben<\/td>\n<\/tr>\n<\/tbody>\n<\/table>\n<!-- #tablepress-1 from cache -->\n<p><a href=\"https:\/\/www.rainerwernst.de\/wp-content\/uploads\/1.3-BiogrU\u0308ber.pages.pdf\">Einen Gesamt\u00fcberblick zur Biografie k\u00f6nnen Sie hier herunter laden (PDF)<\/a><\/p>\n<p>Eingetragen in die Architektenliste Berlin mit der Nr. 02689<br \/>\nVerheiratet mit der Theaterregisseurin Ingrid L. Ernst, zwei erwachsene Kinder, englische und portugiesische Sprache flie\u00dfend<\/p>\n<p>[\/et_pb_text][\/et_pb_column][\/et_pb_row][\/et_pb_section]<\/p>\n","protected":false},"excerpt":{"rendered":"<p>Biographie &nbsp; &nbsp; Prof. Dipl. Ing. Rainer W. Ernst, Architekt DWB BDA Biographischer \u00dcberblick Stand Februar 2016 \n<table id=\"tablepress-1-no-2\" class=\"tablepress tablepress-id-1\">\n<tbody class=\"row-striping row-hover\">\n<tr class=\"row-1\">\n\t<td class=\"column-1\">geb. 1943<\/td><td class=\"column-2\">in Berlin<\/td>\n<\/tr>\n<tr class=\"row-2\">\n\t<td class=\"column-1\">1963<\/td><td class=\"column-2\">\tAbitur, Ev. Gymnasium zum Grauen Kloster Berlin<\/td>\n<\/tr>\n<tr class=\"row-3\">\n\t<td class=\"column-1\">1963-1968<\/td><td class=\"column-2\"> Studium der Architektur an der TH Stuttgart, studentische Hilfskraft am Institut von Prof. Frei Otto f\u00fcr das Projekt Deutscher Pavillon in Montreal<\/td>\n<\/tr>\n<tr class=\"row-4\">\n\t<td class=\"column-1\">1969-1975<\/td><td class=\"column-2\">Assistent an der Abteilung Raumplanung, Universit\u00e4t Dortmund, Lehrstuhl f\u00fcr \u00d6konometrie (Mitglied der AG KOP, interdisziplin\u00e4re Forschungs- und Lehrgruppe \"Kommunale Planung\u201c)<\/td>\n<\/tr>\n<tr class=\"row-5\">\n\t<td class=\"column-1\">1971-1973<\/td><td class=\"column-2\">Beurlaubt f\u00fcr eine T\u00e4tigkeit als Stadtplaner und Architekt in einem Projekt der Technischen Zusammenarbeit in Porto Alegre\/Brasilien zum Aufbau einer Regionalplanungsbeh\u00f6rde<\/td>\n<\/tr>\n<tr class=\"row-6\">\n\t<td class=\"column-1\">1973-1978<\/td><td class=\"column-2\">Mitglied im Arbeitskreis Stadtentwicklung des BMZ (Bundesministerium f\u00fcr wirtschaftliche Zusammenarbeit) und der DSE (Deutsche Stiftung f\u00fcr Internationale Entwicklung)<\/td>\n<\/tr>\n<tr class=\"row-7\">\n\t<td class=\"column-1\">1975-1993<\/td><td class=\"column-2\">Hochschullehrer (o. Professor C4) f\u00fcr Stadtplanung und Kommunale <br \/>\nEntwicklung am Fachbereich Architektur der Hochschule der K\u00fcnste Berlin (von 76 - 84 Aufbau des Schwerpunktes Bau- und Stadtentwicklung in anderen Kulturen).<br \/>\n<\/td>\n<\/tr>\n<tr class=\"row-8\">\n\t<td class=\"column-1\">1975-1979<\/td><td class=\"column-2\">Architekturb\u00fcro mit Prof. K. H. Ernst<\/td>\n<\/tr>\n<tr class=\"row-9\">\n\t<td class=\"column-1\">1981-1982<\/td><td class=\"column-2\">Sprecher des Fachbereichs Architektur an der HdK. <\/td>\n<\/tr>\n<tr class=\"row-10\">\n\t<td class=\"column-1\">1982-1985<\/td><td class=\"column-2\">1. Vizepr\u00e4sident der Hochschule der K\u00fcnste Berlin<\/td>\n<\/tr>\n<tr class=\"row-11\">\n\t<td class=\"column-1\">1982-1994<\/td><td class=\"column-2\">Mitglied des Vorstandes des Deutschen Werkbundes Berlin.<\/td>\n<\/tr>\n<tr class=\"row-12\">\n\t<td class=\"column-1\">1988-1994<\/td><td class=\"column-2\">1. Vorsitzender des Deutschen Werkbundes Berlin.<\/td>\n<\/tr>\n<tr class=\"row-13\">\n\t<td class=\"column-1\">1986-1993<\/td><td class=\"column-2\">Mitglied des Aufsichtsrates von S.T.E.R.N., Gesellschaft f\u00fcr Stadterneuerung des Landes Berlin<\/td>\n<\/tr>\n<tr class=\"row-14\">\n\t<td class=\"column-1\">1988-1998<\/td><td class=\"column-2\">Mit Prof. L. Th\u00fcrmer  Gr\u00fcndung und Leitung des Habitat Forum Berlin <br \/>\n(gemeinn\u00fctzige Gesellschaft zur F\u00f6rderung menschengerechten Wohnens)<br \/>\n1998 \u00dcbergabe der Gesellschaft an Dr. G. Nest<\/td>\n<\/tr>\n<tr class=\"row-15\">\n\t<td class=\"column-1\">1990-1993<\/td><td class=\"column-2\">Mit B. Multhaup gemeinsames B\u00fcro f\u00fcr Architektur und Planung<\/td>\n<\/tr>\n<tr class=\"row-16\">\n\t<td class=\"column-1\">1994-2008<\/td><td class=\"column-2\">Eigenes Architekturb\u00fcro in Berlin<\/td>\n<\/tr>\n<tr class=\"row-17\">\n\t<td class=\"column-1\">1992<\/td><td class=\"column-2\">Gr\u00fcndungsmitglied des F\u00f6rdervereins Museumspark Baustoffindustrie R\u00fcdersdorf, <br \/>\nMitglied des Vorstands, 1993 erhielt der Verein f\u00fcr das Konzept und die Realisation den Deutschen Preis f\u00fcr Denkmalschutz<\/td>\n<\/tr>\n<tr class=\"row-18\">\n\t<td class=\"column-1\">1990-1991 <\/td><td class=\"column-2\">Gastvertretung der Professur f\u00fcr St\u00e4dtebau an der Technischen Universit\u00e4t Berlin, Fachbereich Architektur<\/td>\n<\/tr>\n<tr class=\"row-19\">\n\t<td class=\"column-1\">1993-2008<\/td><td class=\"column-2\">Hochschullehrer f\u00fcr St\u00e4dtebau und Entwerfen an der Kunsthochschule Berlin-Wei\u00dfensee<\/td>\n<\/tr>\n<tr class=\"row-20\">\n\t<td class=\"column-1\">1994-1996<\/td><td class=\"column-2\">Prorektor der Kunsthochschule Berlin-Wei\u00dfensee<\/td>\n<\/tr>\n<tr class=\"row-21\">\n\t<td class=\"column-1\">1996-2004<\/td><td class=\"column-2\">Rektor der Kunsthochschule Berlin-Wei\u00dfensee<\/td>\n<\/tr>\n<tr class=\"row-22\">\n\t<td class=\"column-1\">1997-2004<\/td><td class=\"column-2\">Mitglied im Rat f\u00fcr die K\u00fcnste Berlin<\/td>\n<\/tr>\n<tr class=\"row-23\">\n\t<td class=\"column-1\">1998-2001<\/td><td class=\"column-2\">1. Vorsitzender des BDA (Bund Deutscher Architekten) Berlin<\/td>\n<\/tr>\n<tr class=\"row-24\">\n\t<td class=\"column-1\">2002-2004<\/td><td class=\"column-2\">Gr\u00fcndungsmitglied der Kunsthochschule \u201aADBB\u2019 (Arte e Design Berlim Bahia) in Salvador\/Bahia<\/td>\n<\/tr>\n<tr class=\"row-25\">\n\t<td class=\"column-1\">2003-2004<\/td><td class=\"column-2\">Berater der Stadt Salvador bei der R\u00fcckgewinnung des historischen Hafengel\u00e4ndes f\u00fcr das historische Stadtzentrum<\/td>\n<\/tr>\n<tr class=\"row-26\">\n\t<td class=\"column-1\">2004<\/td><td class=\"column-2\">Berater  der Nordeurop\u00e4ischen Akademie f\u00fcr Kunst und Architektur Schwerin zur Vorbereitung und Akkreditierung von postgradualen Studieng\u00e4ngen<\/td>\n<\/tr>\n<tr class=\"row-27\">\n\t<td class=\"column-1\">2005-2007<\/td><td class=\"column-2\">Lehrauftrag an der Technischen Universit\u00e4t Berlin zur teilweisen Lehrstuhlvertretung <br \/>\n\u201aPlanungsmethodik\u2019 im Studiengang Stadt- und Regionalplanung<br \/>\n<\/td>\n<\/tr>\n<tr class=\"row-28\">\n\t<td class=\"column-1\">2005-2008<\/td><td class=\"column-2\">Vorsitzender des Beratungsausschusses Kunst des Landes Berlin<\/td>\n<\/tr>\n<tr class=\"row-29\">\n\t<td class=\"column-1\">2008-2013<\/td><td class=\"column-2\">Pr\u00e4sident der Muthesius Kunsthochschule Kiel neben der allgemeinen Leitung und der Erarbeitung eines Konzeptes f\u00fcr den neuen Campus mit intensiver Begleitung der beauftragten Architekten sowie Durchf\u00fchrung des Umzugs in den neuen Campus, wurden eine Reihe besonderer Projekte initiiert, wie die Kooperation mit Schulen durch das von Friederike R\u00fcckert geleitete Projekt \"KunstHochschule\", das von Simon K\u00fchl geleitete Projekt \"Zwischennutzung Lessingbad\", der Aufbau des Atelierhauses im Anscharpark in Kiel sowie das von der EU gef\u00f6rderte und von Anke M\u00fcffelmann geleitete Projekt \"art in public space \u2013 ein europ\u00e4ischer Vergleich\"<br \/>\n<\/td>\n<\/tr>\n<tr class=\"row-30\">\n\t<td class=\"column-1\">2011-2013<\/td><td class=\"column-2\">Mitglied der beiden Exzellenzcluster der CAU in Kiel \u201aFuture Ocean\u2019 und \u201aInflamation\u2019<\/td>\n<\/tr>\n<tr class=\"row-31\">\n\t<td class=\"column-1\">2012<\/td><td class=\"column-2\">mit Simon K\u00fchl Gr\u00fcndung der \u201aArchitekturwerkstatt Kiel \u2013 Ernst&amp;K\u00fchl\u2019<\/td>\n<\/tr>\n<tr class=\"row-32\">\n\t<td class=\"column-1\">2012\/13<\/td><td class=\"column-2\">Beratung der CAU bei der Entwicklung des neuen Campus f\u00fcr Medizin am Klinikum Kiel<\/td>\n<\/tr>\n<tr class=\"row-33\">\n\t<td class=\"column-1\">2013-2016<\/td><td class=\"column-2\">Mitglied der Arbeitsgruppe \u201aHumboldt Forum\u2019 der Stiftung Zukunft Berlin<\/td>\n<\/tr>\n<tr class=\"row-34\">\n\t<td class=\"column-1\">2015-2016<\/td><td class=\"column-2\">erneut Mitglied des Beratungsausschusses Kunst des Landes Berlin<\/td>\n<\/tr>\n<tr class=\"row-35\">\n\t<td class=\"column-1\">seit 2016<\/td><td class=\"column-2\">Workshops zum Thema \"Analoge Modelle\" als Erkenntnis- und Kommunikationshilfe f\u00fcr<br \/>\ndie Forschung im mikrobiologischen Bereich; in Kooperation mit dem SFB 1192 \u201eorigin and function of microorganism\u201c der CAU-Kiel, geleitet von Prof. Dr.Dr. Bosch<\/td>\n<\/tr>\n<tr class=\"row-36\">\n\t<td class=\"column-1\">seit 2016<\/td><td class=\"column-2\">Workshops im Schulbereich zum Thema \"Erkennen von und Kommunizieren \u00fcber Raum\"<\/td>\n<\/tr>\n<tr class=\"row-37\">\n\t<td class=\"column-1\">8.9.2019<\/td><td class=\"column-2\">in Berlin verstorben<\/td>\n<\/tr>\n<\/tbody>\n<\/table>\n Einen Gesamt\u00fcberblick zur Biografie k\u00f6nnen Sie hier herunter laden (PDF) Eingetragen in die Architektenliste Berlin mit der Nr. 02689 Verheiratet mit der Theaterregisseurin Ingrid L. Ernst, zwei erwachsene Kinder, englische und portugiesische Sprache flie\u00dfend<\/p>\n","protected":false},"author":1,"featured_media":0,"parent":0,"menu_order":0,"comment_status":"closed","ping_status":"closed","template":"","meta":{"_et_pb_use_builder":"on","_et_pb_old_content":"<p>1988-1998 Mit Prot. L. Th\u00fcrmer Gr\u00fcndung und Leitung des Habitat Forum Berlin<br \/> (gemeinn\u00fctzige Gesellschaft zur F\u00f6rderung menschengerechten Wohnens) alleiniger Gesellschafter und Leitung zusammen mit Dr. G. Nest.<br \/> 1998 \u00dcbergabe der Gesellschaft an Dr. G. Nest<br \/> 1990-1993 Mit B. Multhaup gemeinsames B\u00fcro l\u00f6r Architektur und Planung.<br \/> 1994-8008 Eigenes Architekturb\u00fcro in Berlin.<br \/> 1998 Gr\u00fcndungsmitglied des F\u00f6rdervereins Museumspark Baustottlndustrie R\u00fcdersdorf.<br \/> Mitglied des Vorstands. 1993 erhielt der Verein f\u00fcr das Konzept und die Realisation den Deutschen Preis f\u00fcr Denkmalschutz.<br \/> 1990-1991 Gastvertretung der Professur f\u00fcr St\u00e4dtebau an der Technischen Universit\u00e4t Berlin<br \/> 1993-\u00a0\u00a0 \u00a0 2008\u00a0\u00a0 \u00a0Hochschullehrer f\u00fcr St\u00e4dtebau und Entwerfen an der Kunsthochschule Berlin-Wei\u00dfensee.<br \/> 1994-\u00a0\u00a0 \u00a096 Prorektor der Kunsthochschule Berlin-Wei\u00dfensee.<br \/> 1996-\u00a0\u00a0 \u00a0 2004\u00a0\u00a0 \u00a0Rektor der Kunsthochschule Berlin-Wei\u00dfensee.<br \/> 1997-\u00a0\u00a0 \u00a0 8004\u00a0\u00a0 \u00a0Mitglied im Rat f\u00fcr die K\u00fcnste Berlin<br \/> 1999-8001 1. Vorsitzender des BDA (Bund Deutscher Architekten) Berlin<br \/> 2002-\u00a0\u00a0 \u00a0 2004\u00a0\u00a0 \u00a0Gr\u00fcndungsmitglied der Kunsthochschule 'ADBB' (Arte e Design Berlim Bahia) in Salvador\/Bahia<br \/> 2003-\u00a0\u00a0 \u00a0 2004\u00a0\u00a0 \u00a0Berater der Stadt Salvador bei der R\u00fcckgewinnung des historischen Hafengel\u00e4ndes f\u00fcr das historische Stadtzentrum<br \/> 2004\u00a0\u00a0 \u00a0Berater der Nordeurop\u00e4ischen Akademie f\u00fcr Kunst und Architektur<br \/> Schwerin zur Vorbereitung und Akkreditierung von postgradualen Studieng\u00e4ngen 8005-8008 Vorsitzender des Beratungsausschusses Kunst des Landes Berlin 2008-2013 Pr\u00e4sident der Muthesius Kunsthochschule Kiel neben der allgemeinen Leitung und der Erarbeitung eines Konzeptes f\u00fcr den neuen Campus mit intensiver Begleitung der beauftragten Architekten sowie Durchf\u00fchrung des Umzugs in den neuen Campus, wurden eine Reihe besonderer Projekte initiiert, wie die Kooperation mit Schulen durch das von Friederike R\u00fcckert geleitete Projekt 'Kunsthochschule', das von Simon K\u00fchl geleitete Projekt 'Zwischennutzung Lessingbad', der Aufbau des Atelierhauses im Anscharpark in Kiel sowie das von der EU gef\u00f6rderte und von Anke M\u00fcffelmann geleitete Projekt 'art in public space - ein europ\u00e4ischer Vergleich'<br \/> seit 2011 Mitglied der beiden Exzellenzcluster der CAU in Kiel 'Future Ocean' und Tnflamation'<br \/> 2012 mit Simon K\u00fchl Gr\u00fcndung der 'Architekturwerkstatt Kiel - Ernst&K\u00fchl'<br \/> 2012\/13 Beratung der CAU bei der Entwicklung des neuen Campus f\u00fcr Medizin am Klinikum Kiel<br \/> seit 2013 Mitglied der Arbeitsgruppe 'Humboldt Forum' der Stiftung Zukunft Berlin seit 2015 erneut Mitglied des Beratungsausschusses Kunst des Landes Berlin<br \/> Eingetragen in die Architektenliste Berlin mit der Hr. 08689<br \/> Verheiratet mit der Theaterregisseurin Ingrid L. Ernst, zwei erwachsene Kinder.<br \/> englische und portugiesische Sprache flie\u00dfend<\/p><p>\u00a0<\/p><p>\u00a0<\/p>","_et_gb_content_width":"","footnotes":""},"class_list":["post-210","page","type-page","status-publish","hentry"],"_links":{"self":[{"href":"https:\/\/www.rainerwernst.de\/index.php\/wp-json\/wp\/v2\/pages\/210","targetHints":{"allow":["GET"]}}],"collection":[{"href":"https:\/\/www.rainerwernst.de\/index.php\/wp-json\/wp\/v2\/pages"}],"about":[{"href":"https:\/\/www.rainerwernst.de\/index.php\/wp-json\/wp\/v2\/types\/page"}],"author":[{"embeddable":true,"href":"https:\/\/www.rainerwernst.de\/index.php\/wp-json\/wp\/v2\/users\/1"}],"replies":[{"embeddable":true,"href":"https:\/\/www.rainerwernst.de\/index.php\/wp-json\/wp\/v2\/comments?post=210"}],"version-history":[{"count":30,"href":"https:\/\/www.rainerwernst.de\/index.php\/wp-json\/wp\/v2\/pages\/210\/revisions"}],"predecessor-version":[{"id":563,"href":"https:\/\/www.rainerwernst.de\/index.php\/wp-json\/wp\/v2\/pages\/210\/revisions\/563"}],"wp:attachment":[{"href":"https:\/\/www.rainerwernst.de\/index.php\/wp-json\/wp\/v2\/media?parent=210"}],"curies":[{"name":"wp","href":"https:\/\/api.w.org\/{rel}","templated":true}]}}