{"id":207,"date":"2016-12-11T17:57:22","date_gmt":"2016-12-11T16:57:22","guid":{"rendered":"http:\/\/www.brzakala.de\/beispiel\/?page_id=207"},"modified":"2024-02-27T19:52:16","modified_gmt":"2024-02-27T18:52:16","slug":"impressum","status":"publish","type":"page","link":"https:\/\/www.rainerwernst.de\/index.php\/impressum\/","title":{"rendered":"Impressum"},"content":{"rendered":"<h2><strong>Homepage Rainer W. Ernst &#8211;\u00a0<\/strong><strong>Architekt BDA DWB Berlin<\/strong><\/h2>\n<p>Ingrid Lucia Ernst<br \/>\nDorfstra\u00dfe 6<br \/>\n16818 Temnitzquell OT Netzeband<\/p>\n<p>Rainer W. Ernst ist am 8.9.2019 verstorben.<\/p>\n<p>Nach seinem Versterben am 9. September 2019 wurde der B\u00fcronachlass und das Arbeitsarchiv<br \/>\nvon Herrn Prof. Rainer W. Ernst in den Bestand der Kunsthochschule Berlin Wei\u00dfensee \u00fcbernommen.<br \/>\nDas Archiv wurde als Schenkung (im Dezember 2019) von Frau Ingrid Lucia Ernst der<br \/>\nKunsthochschule Berlin Wei\u00dfensee \u00fcbereignet und ist jetzt dem Fachgebiet Raumstrategien zugeordnet.<br \/>\nHerr Prof. Rainer W. Ernst lehrte von 1993-2008 als Hochschullehrer f\u00fcr St\u00e4dtebau und Entwerfen<br \/>\nim Fachgebiet Architektur an der Kunsthochschule Berlin Wei\u00dfensee und leitete von 1994-1996 als Prorektor<br \/>\nund von 1996-2006 als Rektor die Kunsthochschule Berlin Wei\u00dfensee.<\/p>\n<p>&nbsp;<\/p>\n<p>Diese Webseite wurde erstellt von M.Brzakala, <a href=\"https:\/\/www.die-netzstrategin.de\">die-netzstrategin.de<\/a><\/p>\n<p>&nbsp;<\/p>\n","protected":false},"excerpt":{"rendered":"<p>Homepage Rainer W. Ernst &#8211;\u00a0Architekt BDA DWB Berlin Ingrid Lucia Ernst Dorfstra\u00dfe 6 16818 Temnitzquell OT Netzeband Rainer W. Ernst ist am 8.9.2019 verstorben. Nach seinem Versterben am 9. September 2019 wurde der B\u00fcronachlass und das Arbeitsarchiv von Herrn Prof. Rainer W. Ernst in den Bestand der Kunsthochschule Berlin Wei\u00dfensee \u00fcbernommen. Das Archiv wurde als [&hellip;]<\/p>\n","protected":false},"author":1,"featured_media":0,"parent":0,"menu_order":0,"comment_status":"closed","ping_status":"closed","template":"","meta":{"_et_pb_use_builder":"","_et_pb_old_content":"","_et_gb_content_width":"","footnotes":""},"class_list":["post-207","page","type-page","status-publish","hentry"],"_links":{"self":[{"href":"https:\/\/www.rainerwernst.de\/index.php\/wp-json\/wp\/v2\/pages\/207","targetHints":{"allow":["GET"]}}],"collection":[{"href":"https:\/\/www.rainerwernst.de\/index.php\/wp-json\/wp\/v2\/pages"}],"about":[{"href":"https:\/\/www.rainerwernst.de\/index.php\/wp-json\/wp\/v2\/types\/page"}],"author":[{"embeddable":true,"href":"https:\/\/www.rainerwernst.de\/index.php\/wp-json\/wp\/v2\/users\/1"}],"replies":[{"embeddable":true,"href":"https:\/\/www.rainerwernst.de\/index.php\/wp-json\/wp\/v2\/comments?post=207"}],"version-history":[{"count":8,"href":"https:\/\/www.rainerwernst.de\/index.php\/wp-json\/wp\/v2\/pages\/207\/revisions"}],"predecessor-version":[{"id":590,"href":"https:\/\/www.rainerwernst.de\/index.php\/wp-json\/wp\/v2\/pages\/207\/revisions\/590"}],"wp:attachment":[{"href":"https:\/\/www.rainerwernst.de\/index.php\/wp-json\/wp\/v2\/media?parent=207"}],"curies":[{"name":"wp","href":"https:\/\/api.w.org\/{rel}","templated":true}]}}