{"id":155,"date":"2016-11-10T12:47:12","date_gmt":"2016-11-10T11:47:12","guid":{"rendered":"http:\/\/www.brzakala.de\/beispiel\/?page_id=155"},"modified":"2022-11-03T15:44:50","modified_gmt":"2022-11-03T14:44:50","slug":"rainer-w-ernst-architekt-bda-dwb","status":"publish","type":"page","link":"https:\/\/www.rainerwernst.de\/","title":{"rendered":"Prof. Dipl.-Ing. Rainer W. Ernst \/ Architekt &#8211; BDA DWB"},"content":{"rendered":"<p>[et_pb_section fb_built=&#8220;1&#8243; fullwidth=&#8220;on&#8220; custom_padding_last_edited=&#8220;on|desktop&#8220; _builder_version=&#8220;4.16&#8243; custom_padding_tablet=&#8220;50px|0|50px|0&#8243; custom_padding_phone=&#8220;&#8220; transparent_background=&#8220;off&#8220; padding_mobile=&#8220;off&#8220; make_fullwidth=&#8220;off&#8220; use_custom_width=&#8220;off&#8220; width_unit=&#8220;off&#8220; custom_width_px=&#8220;1080px&#8220; custom_width_percent=&#8220;80%&#8220; global_colors_info=&#8220;{}&#8220;][et_pb_fullwidth_image src=&#8220;https:\/\/www.rainerwernst.de\/wp-content\/uploads\/1-1-rwernst-bibliografisches.jpg&#8220; alt=&#8220;RAINER W. ERNST ARCHITEKT&#8220; title_text=&#8220;RAINER W. ERNST ARCHITEKT&#8220; _builder_version=&#8220;4.16&#8243; animation_style=&#8220;slide&#8220; animation_direction=&#8220;left&#8220; animation_duration=&#8220;500ms&#8220; animation_intensity_slide=&#8220;10%&#8220; animation=&#8220;left&#8220; use_border_color=&#8220;off&#8220; border_color=&#8220;#ffffff&#8220; border_style=&#8220;solid&#8220; global_colors_info=&#8220;{}&#8220;]&nbsp;<br \/>\n[\/et_pb_fullwidth_image][\/et_pb_section][et_pb_section fb_built=&#8220;1&#8243; custom_padding_last_edited=&#8220;on|desktop&#8220; admin_label=&#8220;section&#8220; _builder_version=&#8220;4.16&#8243; background_color=&#8220;#5e616b&#8220; custom_padding_tablet=&#8220;50px|0|50px|0&#8243; custom_padding_phone=&#8220;&#8220; transparent_background=&#8220;off&#8220; padding_mobile=&#8220;off&#8220; make_fullwidth=&#8220;off&#8220; use_custom_width=&#8220;off&#8220; width_unit=&#8220;on&#8220; custom_width_px=&#8220;1080px&#8220; custom_width_percent=&#8220;80%&#8220; global_colors_info=&#8220;{}&#8220;][et_pb_row padding_mobile=&#8220;off&#8220; column_padding_mobile=&#8220;on&#8220; admin_label=&#8220;row&#8220; _builder_version=&#8220;4.16&#8243; background_size=&#8220;initial&#8220; background_position=&#8220;top_left&#8220; background_repeat=&#8220;repeat&#8220; make_fullwidth=&#8220;off&#8220; use_custom_width=&#8220;off&#8220; width_unit=&#8220;off&#8220; custom_width_px=&#8220;1080px&#8220; custom_width_percent=&#8220;80%&#8220; global_colors_info=&#8220;{}&#8220;][et_pb_column type=&#8220;4_4&#8243; _builder_version=&#8220;4.16&#8243; custom_padding=&#8220;|||&#8220; global_colors_info=&#8220;{}&#8220; custom_padding__hover=&#8220;|||&#8220;][et_pb_cta admin_label=&#8220;Call To Action&#8220; _builder_version=&#8220;4.18.1&#8243; background_color=&#8220;#bcbcbc&#8220; background_size=&#8220;initial&#8220; background_position=&#8220;top_left&#8220; background_repeat=&#8220;repeat&#8220; hover_enabled=&#8220;0&#8243; use_border_color=&#8220;off&#8220; global_colors_info=&#8220;{}&#8220; button_text_size__hover_enabled=&#8220;off&#8220; button_one_text_size__hover_enabled=&#8220;off&#8220; button_two_text_size__hover_enabled=&#8220;off&#8220; button_text_color__hover_enabled=&#8220;off&#8220; button_one_text_color__hover_enabled=&#8220;off&#8220; button_two_text_color__hover_enabled=&#8220;off&#8220; button_border_width__hover_enabled=&#8220;off&#8220; button_one_border_width__hover_enabled=&#8220;off&#8220; button_two_border_width__hover_enabled=&#8220;off&#8220; button_border_color__hover_enabled=&#8220;off&#8220; button_one_border_color__hover_enabled=&#8220;off&#8220; button_two_border_color__hover_enabled=&#8220;off&#8220; button_border_radius__hover_enabled=&#8220;off&#8220; button_one_border_radius__hover_enabled=&#8220;off&#8220; button_two_border_radius__hover_enabled=&#8220;off&#8220; button_letter_spacing__hover_enabled=&#8220;off&#8220; button_one_letter_spacing__hover_enabled=&#8220;off&#8220; button_two_letter_spacing__hover_enabled=&#8220;off&#8220; button_bg_color__hover_enabled=&#8220;off&#8220; button_one_bg_color__hover_enabled=&#8220;off&#8220; button_two_bg_color__hover_enabled=&#8220;off&#8220; sticky_enabled=&#8220;0&#8243;]<\/p>\n<p style=\"text-align: center;\">Prof. Dipl.-Ing. Rainer W. Ernst<\/p>\n<p><strong>BUCH-NEUERSCHEINUNG 2018: R\u00e4umliche Ressourcen. Architektur im Prozess gesellschaftlicher Verantwortung.<\/strong><\/p>\n<div id=\"attachment_508\" style=\"width: 1034px\" class=\"wp-caption aligncenter\"><img loading=\"lazy\" decoding=\"async\" aria-describedby=\"caption-attachment-508\" class=\"wp-image-508 size-large\" src=\"https:\/\/www.rainerwernst.de\/wp-content\/uploads\/raeumliche-ressourcen-1-1024x748.jpg\" alt=\"\" width=\"1024\" height=\"748\" srcset=\"https:\/\/www.rainerwernst.de\/wp-content\/uploads\/raeumliche-ressourcen-1-1024x748.jpg 1024w, https:\/\/www.rainerwernst.de\/wp-content\/uploads\/raeumliche-ressourcen-1-300x219.jpg 300w, https:\/\/www.rainerwernst.de\/wp-content\/uploads\/raeumliche-ressourcen-1-1080x789.jpg 1080w, https:\/\/www.rainerwernst.de\/wp-content\/uploads\/raeumliche-ressourcen-1.jpg 1147w\" sizes=\"(max-width: 1024px) 100vw, 1024px\" \/><p id=\"caption-attachment-508\" class=\"wp-caption-text\">R.W. Ernst: R\u00e4umliche Ressourcen. Architektur im Prozess gesellschaftlicher Verantwortung<\/p><\/div>\n<p style=\"text-align: left;\"><strong>Raum ist eine gesellschaftliche Ressource.<\/strong><br \/>Rainer W. Ernst zeigt: Die Qualit\u00e4t unserer Lebensr\u00e4ume wird einerseits durch unterschiedliche Eigenschaften bestimmt und andererseits durch demokratisierte Entscheidungsprozesse bilanziert und gepr\u00e4gt. Ihre Herkunft, Wirkung, Verf\u00fcgbarkeit und Gestaltbarkeit zu begreifen und interessenspezifisch zu kombinieren und zu verorten, verlangt der Architektur das neue Arbeitsfeld der \u00bbM\u00f6glichkeitsr\u00e4ume\u00ab ab. Das Buch macht deutlich, wie Architekt_innen in diesem r\u00fcckkoppelnden Verfahren zus\u00e4tzliche M\u00f6glichkeiten f\u00fcr die kreative Gestaltung von Lebensr\u00e4umen finden k\u00f6nnen.<br \/>Taschenbuch: 178 Seiten<br \/>Verlag: transcript Verlag; Auflage: 1 (7. Juni 2018)<br \/>ISBN: 978-3-8376-4331-2<\/p>\n<p>[\/et_pb_cta][et_pb_text _builder_version=&#8220;4.18.1&#8243; text_text_color=&#8220;#ffffff&#8220; global_colors_info=&#8220;{}&#8220;]<\/p>\n<p>Prof. Dipl.-Ing. Rainer W. Ernst war Architekt, Hochschullehrer f\u00fcr St\u00e4dtebau und Raumplanung, Mitglied im Bund Deutscher Architekten und Deutschen Werkbund Berlin.<br \/>Von 1975 bis 1993 war er Hochschullehrer an der Hochschule der K\u00fcnste Berlin HdKB) und drei Jahre lang erster Vizepr\u00e4sident; Initiator des Studiengangs Bau- und Stadtentwicklung in au\u00dfereurop\u00e4ischen Kulturen und Gr\u00fcnder des Habitat-Forums Berlin und der Akademie \u201aArte Design Berlin Bahia\u2019 in Salvador, Brasilien. Als Universit\u00e4tsprofessor des Landes Berlin an der HdKB seit 1975 und von 1993 bis 2008 an an der Kunsthochschule Berlin-Wei\u00dfensee (KHB), nahm er zwischenzeitlich zwei Lehrstuhlvertretungen an der TUB f\u00fcr \u201aSt\u00e4dtebau und Entwerfen\u2019 (1991\/2) sowie \u201aPlanungstheorie und \u2013methodik\u2019 (2005\/6) war.<\/p>\n<p>Acht Jahre lang leitete er die KHB als Rektor, anschliessend initiierte und leitete er den interdisziplin\u00e4ren Studiengang Raumstrategien. Von 2004 bis 2008 war er Vorsitzender des Beratungsausschuss Kunst des Landes Berlin und von 2008 bis April 2013 Pr\u00e4sident der Muthesius-Kunsthochschule Kiel, in dieser Zeit war u.a. Mitglied der beiden Exzellenzcluster der CAU \u201aFuture Ocean\u2019 und \u201aEntz\u00fcndungsforschung\u2019, des Kultur- und Wissenschaftssenats der Stadt Kiel, im Beirat der Kunsthalle zu Kiel und der Leitungsgruppe Kieler Salon f\u00fcr Wirtschaft, Wissenschaft und Kultur. Sein Werk umfasst zahlreiche Publikationen u.a. zur Raumtheorie und Kunst im \u00f6ffentlichen Raum, eigene Architekturprojekte und Planungen sowie Forschungsarbeiten zur urbanen Lebenswelt und zum Raum f\u00fcr k\u00fcnstlerische Arbeit (www.rainerwernst.de).<\/p>\n<p>[\/et_pb_text][\/et_pb_column][\/et_pb_row][\/et_pb_section]<\/p>\n","protected":false},"excerpt":{"rendered":"<p>&nbsp; Prof. Dipl.-Ing. Rainer W. Ernst BUCH-NEUERSCHEINUNG 2018: R\u00e4umliche Ressourcen. Architektur im Prozess gesellschaftlicher Verantwortung. Raum ist eine gesellschaftliche Ressource.Rainer W. Ernst zeigt: Die Qualit\u00e4t unserer Lebensr\u00e4ume wird einerseits durch unterschiedliche Eigenschaften bestimmt und andererseits durch demokratisierte Entscheidungsprozesse bilanziert und gepr\u00e4gt. Ihre Herkunft, Wirkung, Verf\u00fcgbarkeit und Gestaltbarkeit zu begreifen und interessenspezifisch zu kombinieren und zu [&hellip;]<\/p>\n","protected":false},"author":1,"featured_media":0,"parent":0,"menu_order":0,"comment_status":"closed","ping_status":"closed","template":"","meta":{"_et_pb_use_builder":"on","_et_pb_old_content":"","_et_gb_content_width":"","footnotes":""},"class_list":["post-155","page","type-page","status-publish","hentry"],"_links":{"self":[{"href":"https:\/\/www.rainerwernst.de\/index.php\/wp-json\/wp\/v2\/pages\/155","targetHints":{"allow":["GET"]}}],"collection":[{"href":"https:\/\/www.rainerwernst.de\/index.php\/wp-json\/wp\/v2\/pages"}],"about":[{"href":"https:\/\/www.rainerwernst.de\/index.php\/wp-json\/wp\/v2\/types\/page"}],"author":[{"embeddable":true,"href":"https:\/\/www.rainerwernst.de\/index.php\/wp-json\/wp\/v2\/users\/1"}],"replies":[{"embeddable":true,"href":"https:\/\/www.rainerwernst.de\/index.php\/wp-json\/wp\/v2\/comments?post=155"}],"version-history":[{"count":54,"href":"https:\/\/www.rainerwernst.de\/index.php\/wp-json\/wp\/v2\/pages\/155\/revisions"}],"predecessor-version":[{"id":588,"href":"https:\/\/www.rainerwernst.de\/index.php\/wp-json\/wp\/v2\/pages\/155\/revisions\/588"}],"wp:attachment":[{"href":"https:\/\/www.rainerwernst.de\/index.php\/wp-json\/wp\/v2\/media?parent=155"}],"curies":[{"name":"wp","href":"https:\/\/api.w.org\/{rel}","templated":true}]}}